{"id":53,"date":"2023-10-31T16:00:56","date_gmt":"2023-10-31T19:00:56","guid":{"rendered":"http:\/\/vacinastaquaral.com.br\/?page_id=53"},"modified":"2023-11-01T08:37:54","modified_gmt":"2023-11-01T11:37:54","slug":"empresa","status":"publish","type":"page","link":"https:\/\/vacinastaquaral.com.br\/index.php\/empresa\/","title":{"rendered":"Quem Somos"},"content":{"rendered":"\n<figure class=\"wp-block-image is-resized is-style-default\"><img decoding=\"async\" loading=\"lazy\" width=\"1024\" height=\"592\" src=\"http:\/\/vacinastaquaral.com.br\/wp-content\/uploads\/2023\/10\/FundoBrancoMd-1024x592.jpg\" alt=\"\" class=\"wp-image-55\" style=\"aspect-ratio:1.7297297297297298;width:370px;height:auto\" srcset=\"https:\/\/vacinastaquaral.com.br\/wp-content\/uploads\/2023\/10\/FundoBrancoMd-1024x592.jpg 1024w, https:\/\/vacinastaquaral.com.br\/wp-content\/uploads\/2023\/10\/FundoBrancoMd-300x173.jpg 300w, https:\/\/vacinastaquaral.com.br\/wp-content\/uploads\/2023\/10\/FundoBrancoMd-768x444.jpg 768w, https:\/\/vacinastaquaral.com.br\/wp-content\/uploads\/2023\/10\/FundoBrancoMd.jpg 1165w\" sizes=\"(max-width: 1024px) 100vw, 1024px\" \/><\/figure>\n\n\n\n<p><\/p>\n\n\n\n<h2 class=\"wp-block-heading\">Conhe\u00e7a a Cl\u00ednica<\/h2>\n\n\n\n<p>A Cl\u00ednica Vacinas Taquaral est\u00e1 com voc\u00ea desde outubro de 2017. Oferecendo prote\u00e7\u00e3o contra doen\u00e7as que podem ser evitadas com o recurso de imuniza\u00e7\u00e3o. <br>Por isso, al\u00e9m da vacina\u00e7\u00e3o de crian\u00e7as, disponibilizamos as principais vacinas existentes no mercado para adolescentes, gestantes, adultos e idosos.<\/p>\n\n\n\n<p>Nosso trabalho \u00e9 desenvolvido com m\u00e1ximo rigor, desde a escolha criteriosa da proced\u00eancia das vacinas, condi\u00e7\u00f5es ideais de conserva\u00e7\u00e3o e a aplica\u00e7\u00e3o por profissionais experientes. <\/p>\n\n\n\n<p><\/p>\n\n\n\n<h3 class=\"wp-block-heading\"><strong>Venha nos conhecer !!!<\/strong><\/h3>\n\n\n\n<figure class=\"wp-block-gallery has-nested-images columns-default is-cropped wp-block-gallery-1 is-layout-flex wp-block-gallery-is-layout-flex\">\n<figure class=\"wp-block-image size-large\"><img decoding=\"async\" loading=\"lazy\" width=\"1024\" height=\"988\" data-id=\"239\" src=\"http:\/\/vacinastaquaral.com.br\/wp-content\/uploads\/2023\/11\/WhatsApp-Image-2023-11-01-at-08.32.40.jpeg\" alt=\"\" class=\"wp-image-239\" srcset=\"https:\/\/vacinastaquaral.com.br\/wp-content\/uploads\/2023\/11\/WhatsApp-Image-2023-11-01-at-08.32.40.jpeg 1024w, https:\/\/vacinastaquaral.com.br\/wp-content\/uploads\/2023\/11\/WhatsApp-Image-2023-11-01-at-08.32.40-300x289.jpeg 300w, https:\/\/vacinastaquaral.com.br\/wp-content\/uploads\/2023\/11\/WhatsApp-Image-2023-11-01-at-08.32.40-768x741.jpeg 768w\" sizes=\"(max-width: 1024px) 100vw, 1024px\" \/><\/figure>\n\n\n\n<figure class=\"wp-block-image size-large\"><img decoding=\"async\" loading=\"lazy\" width=\"1024\" height=\"768\" data-id=\"241\" src=\"http:\/\/vacinastaquaral.com.br\/wp-content\/uploads\/2023\/11\/WhatsApp-Image-2023-11-01-at-08.29.12-1024x768.jpeg\" alt=\"\" class=\"wp-image-241\" srcset=\"https:\/\/vacinastaquaral.com.br\/wp-content\/uploads\/2023\/11\/WhatsApp-Image-2023-11-01-at-08.29.12-1024x768.jpeg 1024w, https:\/\/vacinastaquaral.com.br\/wp-content\/uploads\/2023\/11\/WhatsApp-Image-2023-11-01-at-08.29.12-300x225.jpeg 300w, https:\/\/vacinastaquaral.com.br\/wp-content\/uploads\/2023\/11\/WhatsApp-Image-2023-11-01-at-08.29.12-768x576.jpeg 768w, https:\/\/vacinastaquaral.com.br\/wp-content\/uploads\/2023\/11\/WhatsApp-Image-2023-11-01-at-08.29.12.jpeg 1158w\" sizes=\"(max-width: 1024px) 100vw, 1024px\" \/><\/figure>\n\n\n\n<figure class=\"wp-block-image size-large\"><img decoding=\"async\" loading=\"lazy\" width=\"768\" height=\"1024\" data-id=\"242\" src=\"http:\/\/vacinastaquaral.com.br\/wp-content\/uploads\/2023\/11\/WhatsApp-Image-2023-11-01-at-08.29.16-768x1024.jpeg\" alt=\"\" class=\"wp-image-242\" srcset=\"https:\/\/vacinastaquaral.com.br\/wp-content\/uploads\/2023\/11\/WhatsApp-Image-2023-11-01-at-08.29.16-768x1023.jpeg 768w, https:\/\/vacinastaquaral.com.br\/wp-content\/uploads\/2023\/11\/WhatsApp-Image-2023-11-01-at-08.29.16-225x300.jpeg 225w, https:\/\/vacinastaquaral.com.br\/wp-content\/uploads\/2023\/11\/WhatsApp-Image-2023-11-01-at-08.29.16.jpeg 869w\" sizes=\"(max-width: 768px) 100vw, 768px\" \/><\/figure>\n<\/figure>\n\n\n\n<h2 class=\"wp-block-heading\">Hor\u00e1rio de Atendimento<\/h2>\n\n\n\n<p><strong>Segunda a Sexta <\/strong>das 8hs as 18hs<br><strong>S\u00e1bado <\/strong>das 8hs as 12hs<\/p>\n\n\n\n<h2 class=\"wp-block-heading\">Localiza\u00e7\u00e3o<\/h2>\n\n\n\n<p>A Cl\u00ednica est\u00e1 localizada na Rua Desembargador Campos Maia, n\u00ba15A.<br>Situada no Bairro Taquaral bem pr\u00f3ximo a Escola Liceu Salesiano e perto Bal\u00e3o do Kennedy.<\/p>\n\n\n\n<iframe src=\"https:\/\/www.google.com\/maps\/embed?pb=!1m18!1m12!1m3!1d459.48030319163655!2d-47.05595249401731!3d-22.88227859776854!2m3!1f0!2f0!3f0!3m2!1i1024!2i768!4f13.1!3m3!1m2!1s0x94c8c55452de9371%3A0xa5979e34ede12e8d!2sVacinas%20Taquaral!5e0!3m2!1spt-BR!2sbr!4v1698829691674!5m2!1spt-BR!2sbr\" width=\"600\" height=\"450\" style=\"border:0;\" allowfullscreen=\"\" loading=\"lazy\" referrerpolicy=\"no-referrer-when-downgrade\"><\/iframe>\n","protected":false},"excerpt":{"rendered":"<p>Conhe\u00e7a a Cl\u00ednica A Cl\u00ednica Vacinas Taquaral est\u00e1 com voc\u00ea desde outubro de 2017. Oferecendo prote\u00e7\u00e3o contra doen\u00e7as que podem ser evitadas com o recurso de imuniza\u00e7\u00e3o. Por isso, al\u00e9m da vacina\u00e7\u00e3o de crian\u00e7as, disponibilizamos as principais vacinas existentes no mercado para adolescentes, gestantes, adultos e idosos. Nosso trabalho \u00e9 desenvolvido com m\u00e1ximo rigor, desde [&hellip;]<\/p>\n","protected":false},"author":1,"featured_media":0,"parent":0,"menu_order":0,"comment_status":"closed","ping_status":"closed","template":"","meta":{"site-sidebar-layout":"default","site-content-layout":"","ast-site-content-layout":"default","site-content-style":"default","site-sidebar-style":"default","ast-global-header-display":"","ast-banner-title-visibility":"","ast-main-header-display":"","ast-hfb-above-header-display":"","ast-hfb-below-header-display":"","ast-hfb-mobile-header-display":"","site-post-title":"","ast-breadcrumbs-content":"","ast-featured-img":"","footer-sml-layout":"","theme-transparent-header-meta":"","adv-header-id-meta":"","stick-header-meta":"","header-above-stick-meta":"","header-main-stick-meta":"","header-below-stick-meta":"","astra-migrate-meta-layouts":"default","ast-page-background-enabled":"default","ast-page-background-meta":{"desktop":{"background-color":"var(--ast-global-color-4)","background-image":"","background-repeat":"repeat","background-position":"center center","background-size":"auto","background-attachment":"scroll","background-type":"","background-media":"","overlay-type":"","overlay-color":"","overlay-opacity":"","overlay-gradient":""},"tablet":{"background-color":"","background-image":"","background-repeat":"repeat","background-position":"center center","background-size":"auto","background-attachment":"scroll","background-type":"","background-media":"","overlay-type":"","overlay-color":"","overlay-opacity":"","overlay-gradient":""},"mobile":{"background-color":"","background-image":"","background-repeat":"repeat","background-position":"center center","background-size":"auto","background-attachment":"scroll","background-type":"","background-media":"","overlay-type":"","overlay-color":"","overlay-opacity":"","overlay-gradient":""}},"ast-content-background-meta":{"desktop":{"background-color":"var(--ast-global-color-5)","background-image":"","background-repeat":"repeat","background-position":"center center","background-size":"auto","background-attachment":"scroll","background-type":"","background-media":"","overlay-type":"","overlay-color":"","overlay-opacity":"","overlay-gradient":""},"tablet":{"background-color":"var(--ast-global-color-5)","background-image":"","background-repeat":"repeat","background-position":"center center","background-size":"auto","background-attachment":"scroll","background-type":"","background-media":"","overlay-type":"","overlay-color":"","overlay-opacity":"","overlay-gradient":""},"mobile":{"background-color":"var(--ast-global-color-5)","background-image":"","background-repeat":"repeat","background-position":"center center","background-size":"auto","background-attachment":"scroll","background-type":"","background-media":"","overlay-type":"","overlay-color":"","overlay-opacity":"","overlay-gradient":""}},"footnotes":""},"_links":{"self":[{"href":"https:\/\/vacinastaquaral.com.br\/index.php\/wp-json\/wp\/v2\/pages\/53"}],"collection":[{"href":"https:\/\/vacinastaquaral.com.br\/index.php\/wp-json\/wp\/v2\/pages"}],"about":[{"href":"https:\/\/vacinastaquaral.com.br\/index.php\/wp-json\/wp\/v2\/types\/page"}],"author":[{"embeddable":true,"href":"https:\/\/vacinastaquaral.com.br\/index.php\/wp-json\/wp\/v2\/users\/1"}],"replies":[{"embeddable":true,"href":"https:\/\/vacinastaquaral.com.br\/index.php\/wp-json\/wp\/v2\/comments?post=53"}],"version-history":[{"count":21,"href":"https:\/\/vacinastaquaral.com.br\/index.php\/wp-json\/wp\/v2\/pages\/53\/revisions"}],"predecessor-version":[{"id":245,"href":"https:\/\/vacinastaquaral.com.br\/index.php\/wp-json\/wp\/v2\/pages\/53\/revisions\/245"}],"wp:attachment":[{"href":"https:\/\/vacinastaquaral.com.br\/index.php\/wp-json\/wp\/v2\/media?parent=53"}],"curies":[{"name":"wp","href":"https:\/\/api.w.org\/{rel}","templated":true}]}}