{"id":50,"date":"2023-10-31T15:42:51","date_gmt":"2023-10-31T18:42:51","guid":{"rendered":"http:\/\/vacinastaquaral.com.br\/?page_id=50"},"modified":"2024-12-10T21:14:49","modified_gmt":"2024-12-11T00:14:49","slug":"contato","status":"publish","type":"page","link":"https:\/\/vacinastaquaral.com.br\/index.php\/contato\/","title":{"rendered":"Contato"},"content":{"rendered":"\n<h5 class=\"wp-block-heading\">Para d\u00favidas, informa\u00e7\u00f5es entre em contato pelos canais de atendimento:<\/h5>\n\n\n\n<div class=\"wp-block-group alignwide is-layout-constrained wp-block-group-is-layout-constrained\">\n<div class=\"wp-block-group alignwide is-layout-constrained wp-block-group-is-layout-constrained\">\n<div class=\"wp-block-group alignwide is-content-justification-left is-nowrap is-layout-flex wp-container-1 wp-block-group-is-layout-flex\">\n<figure class=\"wp-block-image is-resized\"><img decoding=\"async\" loading=\"lazy\" width=\"50\" height=\"39\" src=\"http:\/\/vacinastaquaral.com.br\/wp-content\/uploads\/2023\/11\/iconetelefone-e1698830461795.png\" alt=\"\" class=\"wp-image-199\" style=\"aspect-ratio:1.2820512820512822;width:37px;height:auto\"\/><\/figure>\n\n\n\n<h4 class=\"wp-block-heading\"><strong>3722-1613<\/strong><\/h4>\n<\/div>\n\n\n\n<div class=\"wp-block-group alignwide is-nowrap is-layout-flex wp-container-2 wp-block-group-is-layout-flex\">\n<figure class=\"wp-block-image size-full is-resized\"><img decoding=\"async\" loading=\"lazy\" width=\"50\" height=\"50\" src=\"http:\/\/vacinastaquaral.com.br\/wp-content\/uploads\/2023\/11\/whatsapp-e1698830579615.png\" alt=\"\" class=\"wp-image-200\" style=\"aspect-ratio:1;width:33px;height:auto\"\/><\/figure>\n\n\n\n<h4 class=\"wp-block-heading\"><strong>(19) 99243-1307<\/strong><\/h4>\n<\/div>\n<\/div>\n\n\n\n<div class=\"wp-block-group alignwide is-nowrap is-layout-flex wp-container-4 wp-block-group-is-layout-flex\">\n<figure class=\"wp-block-image size-full is-resized\"><img decoding=\"async\" loading=\"lazy\" width=\"50\" height=\"50\" src=\"http:\/\/vacinastaquaral.com.br\/wp-content\/uploads\/2023\/11\/email-e1698830751678.png\" alt=\"\" class=\"wp-image-201\" style=\"aspect-ratio:1;width:34px;height:auto\"\/><\/figure>\n\n\n\n<h4 class=\"wp-block-heading\">contato@vacinastaquaral.com.br<\/h4>\n<\/div>\n<\/div>\n\n\n\n<hr class=\"wp-block-separator has-alpha-channel-opacity is-style-wide\"\/>\n\n\n\n<h5 class=\"wp-block-heading\">Endere\u00e7o: <br><br>Rua Desembargador Campos Maia, n\u00ba15A \/ Bairro : Taquaral \/ Cidade : Campinas\/SP<\/h5>\n\n\n\n<p><\/p>\n\n\n\n<iframe src=\"https:\/\/www.google.com\/maps\/embed?pb=!1m18!1m12!1m3!1d459.48030319163655!2d-47.05595249401731!3d-22.88227859776854!2m3!1f0!2f0!3f0!3m2!1i1024!2i768!4f13.1!3m3!1m2!1s0x94c8c55452de9371%3A0xa5979e34ede12e8d!2sVacinas%20Taquaral!5e0!3m2!1spt-BR!2sbr!4v1698829691674!5m2!1spt-BR!2sbr\" width=\"600\" height=\"450\" style=\"border:0;\" allowfullscreen=\"\" loading=\"lazy\" referrerpolicy=\"no-referrer-when-downgrade\"><\/iframe>\n","protected":false},"excerpt":{"rendered":"<p>Para d\u00favidas, informa\u00e7\u00f5es entre em contato pelos canais de atendimento: 3722-1613 (19) 99243-1307 contato@vacinastaquaral.com.br Endere\u00e7o: Rua Desembargador Campos Maia, n\u00ba15A \/ Bairro : Taquaral \/ Cidade : Campinas\/SP<\/p>\n","protected":false},"author":1,"featured_media":0,"parent":0,"menu_order":0,"comment_status":"closed","ping_status":"closed","template":"","meta":{"site-sidebar-layout":"default","site-content-layout":"","ast-site-content-layout":"default","site-content-style":"default","site-sidebar-style":"default","ast-global-header-display":"","ast-banner-title-visibility":"","ast-main-header-display":"","ast-hfb-above-header-display":"","ast-hfb-below-header-display":"","ast-hfb-mobile-header-display":"","site-post-title":"","ast-breadcrumbs-content":"","ast-featured-img":"","footer-sml-layout":"","theme-transparent-header-meta":"","adv-header-id-meta":"","stick-header-meta":"","header-above-stick-meta":"","header-main-stick-meta":"","header-below-stick-meta":"","astra-migrate-meta-layouts":"default","ast-page-background-enabled":"default","ast-page-background-meta":{"desktop":{"background-color":"var(--ast-global-color-4)","background-image":"","background-repeat":"repeat","background-position":"center center","background-size":"auto","background-attachment":"scroll","background-type":"","background-media":"","overlay-type":"","overlay-color":"","overlay-opacity":"","overlay-gradient":""},"tablet":{"background-color":"","background-image":"","background-repeat":"repeat","background-position":"center center","background-size":"auto","background-attachment":"scroll","background-type":"","background-media":"","overlay-type":"","overlay-color":"","overlay-opacity":"","overlay-gradient":""},"mobile":{"background-color":"","background-image":"","background-repeat":"repeat","background-position":"center center","background-size":"auto","background-attachment":"scroll","background-type":"","background-media":"","overlay-type":"","overlay-color":"","overlay-opacity":"","overlay-gradient":""}},"ast-content-background-meta":{"desktop":{"background-color":"var(--ast-global-color-5)","background-image":"","background-repeat":"repeat","background-position":"center center","background-size":"auto","background-attachment":"scroll","background-type":"","background-media":"","overlay-type":"","overlay-color":"","overlay-opacity":"","overlay-gradient":""},"tablet":{"background-color":"var(--ast-global-color-5)","background-image":"","background-repeat":"repeat","background-position":"center center","background-size":"auto","background-attachment":"scroll","background-type":"","background-media":"","overlay-type":"","overlay-color":"","overlay-opacity":"","overlay-gradient":""},"mobile":{"background-color":"var(--ast-global-color-5)","background-image":"","background-repeat":"repeat","background-position":"center center","background-size":"auto","background-attachment":"scroll","background-type":"","background-media":"","overlay-type":"","overlay-color":"","overlay-opacity":"","overlay-gradient":""}},"footnotes":""},"_links":{"self":[{"href":"https:\/\/vacinastaquaral.com.br\/index.php\/wp-json\/wp\/v2\/pages\/50"}],"collection":[{"href":"https:\/\/vacinastaquaral.com.br\/index.php\/wp-json\/wp\/v2\/pages"}],"about":[{"href":"https:\/\/vacinastaquaral.com.br\/index.php\/wp-json\/wp\/v2\/types\/page"}],"author":[{"embeddable":true,"href":"https:\/\/vacinastaquaral.com.br\/index.php\/wp-json\/wp\/v2\/users\/1"}],"replies":[{"embeddable":true,"href":"https:\/\/vacinastaquaral.com.br\/index.php\/wp-json\/wp\/v2\/comments?post=50"}],"version-history":[{"count":18,"href":"https:\/\/vacinastaquaral.com.br\/index.php\/wp-json\/wp\/v2\/pages\/50\/revisions"}],"predecessor-version":[{"id":290,"href":"https:\/\/vacinastaquaral.com.br\/index.php\/wp-json\/wp\/v2\/pages\/50\/revisions\/290"}],"wp:attachment":[{"href":"https:\/\/vacinastaquaral.com.br\/index.php\/wp-json\/wp\/v2\/media?parent=50"}],"curies":[{"name":"wp","href":"https:\/\/api.w.org\/{rel}","templated":true}]}}