{"id":38,"date":"2023-10-31T14:47:46","date_gmt":"2023-10-31T17:47:46","guid":{"rendered":"http:\/\/vacinastaquaral.com.br\/?page_id=38"},"modified":"2024-11-19T15:49:56","modified_gmt":"2024-11-19T18:49:56","slug":"servicos","status":"publish","type":"page","link":"https:\/\/vacinastaquaral.com.br\/index.php\/servicos\/","title":{"rendered":"Servi\u00e7os"},"content":{"rendered":"\n<p>Para maior agilidade e conforto para atender nossos clientes a Cl\u00ednica oferece alguns servi\u00e7os diferenciados listados abaixo:<\/p>\n\n\n\n<p><\/p>\n\n\n\n<ul>\n<li> <strong>Brincos em Beb\u00eas<\/strong><\/li>\n<\/ul>\n\n\n\n<div class=\"wp-block-media-text is-stacked-on-mobile is-vertically-aligned-center\"><figure class=\"wp-block-media-text__media\"><img decoding=\"async\" loading=\"lazy\" width=\"1024\" height=\"576\" src=\"http:\/\/vacinastaquaral.com.br\/wp-content\/uploads\/2023\/10\/Brinco-1-1024x576.jpg\" alt=\"\" class=\"wp-image-113 size-full\" srcset=\"https:\/\/vacinastaquaral.com.br\/wp-content\/uploads\/2023\/10\/Brinco-1-1024x576.jpg 1024w, https:\/\/vacinastaquaral.com.br\/wp-content\/uploads\/2023\/10\/Brinco-1-300x169.jpg 300w, https:\/\/vacinastaquaral.com.br\/wp-content\/uploads\/2023\/10\/Brinco-1-768x432.jpg 768w, https:\/\/vacinastaquaral.com.br\/wp-content\/uploads\/2023\/10\/Brinco-1-1536x864.jpg 1536w, https:\/\/vacinastaquaral.com.br\/wp-content\/uploads\/2023\/10\/Brinco-1.jpg 1920w\" sizes=\"(max-width: 1024px) 100vw, 1024px\" \/><\/figure><div class=\"wp-block-media-text__content\">\n<p>A linha Baby System 75 foi desenvolvida especialmente para beb\u00eas e crian\u00e7as.<\/p>\n\n\n\n<p>Dispon\u00edvel em alguns delicados modelos, de a\u00e7o inoxid\u00e1vel e folhados a ouro 24K, os brincos apresentam haste de perfura\u00e7\u00e3o mais fina e curta, se ajustando confortavelmente nas orelhinhas pequenas. As tarraxas s\u00e3o anat\u00f4micas, possuem maior \u00e1rea de ventila\u00e7\u00e3o, e no ato da aplica\u00e7\u00e3o, se encaixam na trava do brinco, protegendo a ponta perfurante, facilitando a limpeza do local e permitindo perfeita cicatriza\u00e7\u00e3o.<\/p>\n\n\n\n<p>Devido sua caracter\u00edstica antial\u00e9rgica, ap\u00f3s o per\u00edodo de cicatriza\u00e7\u00e3o dos furos, os brincos continuam lindos e podem ser usados continuamente.<\/p>\n<\/div><\/div>\n\n\n\n<p><\/p>\n\n\n\n<ul>\n<li><strong>Vacina\u00e7\u00e3o Domiciliar<\/strong><\/li>\n<\/ul>\n\n\n\n<div class=\"wp-block-media-text is-stacked-on-mobile is-vertically-aligned-center\"><figure class=\"wp-block-media-text__media\"><img decoding=\"async\" loading=\"lazy\" width=\"828\" height=\"1024\" src=\"http:\/\/vacinastaquaral.com.br\/wp-content\/uploads\/2024\/11\/WhatsApp-Image-2024-11-19-at-10.49.59.jpeg\" alt=\"\" class=\"wp-image-279 size-full\" srcset=\"https:\/\/vacinastaquaral.com.br\/wp-content\/uploads\/2024\/11\/WhatsApp-Image-2024-11-19-at-10.49.59.jpeg 828w, https:\/\/vacinastaquaral.com.br\/wp-content\/uploads\/2024\/11\/WhatsApp-Image-2024-11-19-at-10.49.59-243x300.jpeg 243w, https:\/\/vacinastaquaral.com.br\/wp-content\/uploads\/2024\/11\/WhatsApp-Image-2024-11-19-at-10.49.59-768x950.jpeg 768w\" sizes=\"(max-width: 828px) 100vw, 828px\" \/><\/figure><div class=\"wp-block-media-text__content\">\n<p>A cl\u00ednica Vacinas Taquaral tem atendimento m\u00f3vel oferecendo o servi\u00e7o de vacina\u00e7\u00e3o sem sair de casa ou no local de sua prefer\u00eancia. Levamos a excel\u00eancia em nosso servi\u00e7o com a qualidade e seguran\u00e7a que voc\u00ea j\u00e1 conhece.<br><br><strong>Ligue e fa\u00e7a seu agendamento ! ! !<\/strong><\/p>\n<\/div><\/div>\n\n\n\n<p><\/p>\n\n\n\n<ul>\n<li><strong>Vacina\u00e7\u00e3o Empresarial<\/strong><\/li>\n<\/ul>\n\n\n\n<p>Nos \u00faltimos anos, ficou claro para todo mundo a import\u00e2ncia das a\u00e7\u00f5es de preven\u00e7\u00e3o de doen\u00e7as a partir da estrat\u00e9gia da imuniza\u00e7\u00e3o da popula\u00e7\u00e3o. Afinal, existem diversas enfermidades que podem ser prevenidas com vacinas, como o caso da gripe, hepatite, meningite e tantas outras.<\/p>\n\n\n\n<div class=\"wp-block-media-text is-stacked-on-mobile\"><figure class=\"wp-block-media-text__media\"><img decoding=\"async\" loading=\"lazy\" width=\"318\" height=\"159\" src=\"http:\/\/vacinastaquaral.com.br\/wp-content\/uploads\/2023\/11\/empresarial.jpeg\" alt=\"\" class=\"wp-image-248 size-full\" srcset=\"https:\/\/vacinastaquaral.com.br\/wp-content\/uploads\/2023\/11\/empresarial.jpeg 318w, https:\/\/vacinastaquaral.com.br\/wp-content\/uploads\/2023\/11\/empresarial-300x150.jpeg 300w\" sizes=\"(max-width: 318px) 100vw, 318px\" \/><\/figure><div class=\"wp-block-media-text__content\">\n<p>\u00c9 verdade que o SUS oferece diversas vacinas para a popula\u00e7\u00e3o. Por\u00e9m, nem todo mundo fica atento para ir at\u00e9 o posto de sa\u00fade atualizar o seu cart\u00e3o de vacinas, seja por falta de aten\u00e7\u00e3o ou por causa da correria do dia a dia. E \u00e9 a\u00ed que a imuniza\u00e7\u00e3o ocupacional se torna relevante, tanto para sua empresa quanto para os colaboradores.<\/p>\n<\/div><\/div>\n\n\n\n<p>Voc\u00ea j\u00e1 sabe o que \u00e9 vacina\u00e7\u00e3o in company? Qual sua import\u00e2ncia e benef\u00edcios para sua empresa ao coloc\u00e1-la em pr\u00e1tica? Continue a leitura e descubra!<\/p>\n\n\n\n<p><strong>O que \u00e9 e qual a import\u00e2ncia da vacina\u00e7\u00e3o in company?<br><\/strong>A imuniza\u00e7\u00e3o ocupacional, ou vacina\u00e7\u00e3o in company, como o pr\u00f3prio nome sugere, \u00e9 o ato de vacinar os profissionais de dentro da empresa. Ou seja, trata-se de uma a\u00e7\u00e3o realizada pela empresa para garantir a imuniza\u00e7\u00e3o dos funcion\u00e1rios, seguindo o Plano Nacional de Imuniza\u00e7\u00e3o e outras normativas do tema.<br>\u00c9 poss\u00edvel promover v\u00e1rias campanhas de vacina\u00e7\u00e3o na empresa, como vacinas da gripe, hepatite A e B e outras.<\/p>\n\n\n\n<p><strong>Mas, qual a import\u00e2ncia da imuniza\u00e7\u00e3o ocupacional?<\/strong> <br>Com ela, \u00e9 poss\u00edvel ajudar sua equipe a manter o cart\u00e3o de vacina\u00e7\u00e3o atualizado, garantindo a prote\u00e7\u00e3o dos colaboradores contra v\u00e1rias doen\u00e7as.<br>Isso oferece v\u00e1rias vantagens para os funcion\u00e1rios e para a empresa, continue acompanhando para descobrir quais s\u00e3o.<\/p>\n\n\n\n<p><strong>Benef\u00edcios da Imuniza\u00e7\u00e3o Ocupacional<br><\/strong>Como j\u00e1 deu para perceber at\u00e9 agora, a imuniza\u00e7\u00e3o ocupacional \u00e9 um assunto bastante relevante para a empresa e para as pessoas que fazem parte dela. No entanto, quais s\u00e3o os reais benef\u00edcios que essa pr\u00e1tica vai trazer para os colaboradores e para as organiza\u00e7\u00f5es?<\/p>\n\n\n\n<p><strong>Abaixo elencamos alguns deles:<\/strong><\/p>\n\n\n\n<p>Os colaboradores v\u00e3o adoecer menos, se mantendo protegidos<br>Esse \u00e9 um motivo bastante simples e extremamente importante. Vacinando seus funcion\u00e1rios, eles estar\u00e3o mais protegidos e imunes a contrair doen\u00e7as tanto no ambiente de trabalho como fora dele.<\/p>\n\n\n\n<p>Os funcion\u00e1rios ir\u00e3o aproveitar boas condi\u00e7\u00f5es de sa\u00fade e bem-estar<br>Essa \u00e9 uma vantagem n\u00e3o apenas para o colaborador, mas tamb\u00e9m para a empresa. Estando saud\u00e1vel, o colaborador se sentir\u00e1 mais motivado e focado no trabalho e atividades di\u00e1rias.<\/p>\n\n\n\n<p>Doen\u00e7as que afetam a produtividade poder\u00e3o ser evitadas<br>A gripe, por exemplo, \u00e9 uma das doen\u00e7as que podem prejudicar o desempenho dos colaboradores. Por ser contagiosa, basta que uma pessoa contraia para que v\u00e1rias fiquem doentes tamb\u00e9m. Com a imuniza\u00e7\u00e3o ocupacional, isso poder\u00e1 ser evitado, contribuindo para o aumento da produtividade.<\/p>\n\n\n\n<p>A empresa ir\u00e1 reduzir o n\u00famero de afastamentos e o absente\u00edsmo por doen\u00e7as<br>Como j\u00e1 falamos anteriormente, uma equipe doente pode ocasionar um n\u00famero maior de faltas. Dependendo do tempo que o colaborador se mant\u00e9m afastado, ser\u00e1 preciso que a empresa contrate um substituto. Com a vacina\u00e7\u00e3o nas empresas, al\u00e9m de contar com profissionais saud\u00e1veis, ainda \u00e9 poss\u00edvel economizar com gastos desnecess\u00e1rios.<\/p>\n\n\n\n<p>Ir\u00e1 melhorar o ambiente de trabalho, assim como desenvolver o bem-estar social<br>Quando a empresa promove a vacina\u00e7\u00e3o, de maneira indireta, ela est\u00e1 oferecendo um ambiente de trabalho mais seguro, confort\u00e1vel e passando para os funcion\u00e1rios que \u00e9 preocupada com sua sa\u00fade e bem-estar. Isso \u00e9 fundamental para que os trabalhadores se sintam pertencentes \u00e0 empresa.<\/p>\n\n\n\n<p><\/p>\n\n\n\n<p><\/p>\n\n\n\n<p><\/p>\n\n\n\n<p><\/p>\n","protected":false},"excerpt":{"rendered":"<p>Para maior agilidade e conforto para atender nossos clientes a Cl\u00ednica oferece alguns servi\u00e7os diferenciados listados abaixo: A linha Baby System 75 foi desenvolvida especialmente para beb\u00eas e crian\u00e7as. Dispon\u00edvel em alguns delicados modelos, de a\u00e7o inoxid\u00e1vel e folhados a ouro 24K, os brincos apresentam haste de perfura\u00e7\u00e3o mais fina e curta, se ajustando confortavelmente [&hellip;]<\/p>\n","protected":false},"author":1,"featured_media":0,"parent":0,"menu_order":0,"comment_status":"closed","ping_status":"closed","template":"","meta":{"site-sidebar-layout":"default","site-content-layout":"","ast-site-content-layout":"default","site-content-style":"default","site-sidebar-style":"default","ast-global-header-display":"","ast-banner-title-visibility":"","ast-main-header-display":"","ast-hfb-above-header-display":"","ast-hfb-below-header-display":"","ast-hfb-mobile-header-display":"","site-post-title":"","ast-breadcrumbs-content":"","ast-featured-img":"","footer-sml-layout":"","theme-transparent-header-meta":"","adv-header-id-meta":"","stick-header-meta":"","header-above-stick-meta":"","header-main-stick-meta":"","header-below-stick-meta":"","astra-migrate-meta-layouts":"default","ast-page-background-enabled":"default","ast-page-background-meta":{"desktop":{"background-color":"var(--ast-global-color-4)","background-image":"","background-repeat":"repeat","background-position":"center center","background-size":"auto","background-attachment":"scroll","background-type":"","background-media":"","overlay-type":"","overlay-color":"","overlay-opacity":"","overlay-gradient":""},"tablet":{"background-color":"","background-image":"","background-repeat":"repeat","background-position":"center center","background-size":"auto","background-attachment":"scroll","background-type":"","background-media":"","overlay-type":"","overlay-color":"","overlay-opacity":"","overlay-gradient":""},"mobile":{"background-color":"","background-image":"","background-repeat":"repeat","background-position":"center center","background-size":"auto","background-attachment":"scroll","background-type":"","background-media":"","overlay-type":"","overlay-color":"","overlay-opacity":"","overlay-gradient":""}},"ast-content-background-meta":{"desktop":{"background-color":"var(--ast-global-color-5)","background-image":"","background-repeat":"repeat","background-position":"center center","background-size":"auto","background-attachment":"scroll","background-type":"","background-media":"","overlay-type":"","overlay-color":"","overlay-opacity":"","overlay-gradient":""},"tablet":{"background-color":"var(--ast-global-color-5)","background-image":"","background-repeat":"repeat","background-position":"center center","background-size":"auto","background-attachment":"scroll","background-type":"","background-media":"","overlay-type":"","overlay-color":"","overlay-opacity":"","overlay-gradient":""},"mobile":{"background-color":"var(--ast-global-color-5)","background-image":"","background-repeat":"repeat","background-position":"center center","background-size":"auto","background-attachment":"scroll","background-type":"","background-media":"","overlay-type":"","overlay-color":"","overlay-opacity":"","overlay-gradient":""}},"footnotes":""},"_links":{"self":[{"href":"https:\/\/vacinastaquaral.com.br\/index.php\/wp-json\/wp\/v2\/pages\/38"}],"collection":[{"href":"https:\/\/vacinastaquaral.com.br\/index.php\/wp-json\/wp\/v2\/pages"}],"about":[{"href":"https:\/\/vacinastaquaral.com.br\/index.php\/wp-json\/wp\/v2\/types\/page"}],"author":[{"embeddable":true,"href":"https:\/\/vacinastaquaral.com.br\/index.php\/wp-json\/wp\/v2\/users\/1"}],"replies":[{"embeddable":true,"href":"https:\/\/vacinastaquaral.com.br\/index.php\/wp-json\/wp\/v2\/comments?post=38"}],"version-history":[{"count":11,"href":"https:\/\/vacinastaquaral.com.br\/index.php\/wp-json\/wp\/v2\/pages\/38\/revisions"}],"predecessor-version":[{"id":281,"href":"https:\/\/vacinastaquaral.com.br\/index.php\/wp-json\/wp\/v2\/pages\/38\/revisions\/281"}],"wp:attachment":[{"href":"https:\/\/vacinastaquaral.com.br\/index.php\/wp-json\/wp\/v2\/media?parent=38"}],"curies":[{"name":"wp","href":"https:\/\/api.w.org\/{rel}","templated":true}]}}