{"id":35,"date":"2023-10-31T14:46:09","date_gmt":"2023-10-31T17:46:09","guid":{"rendered":"http:\/\/vacinastaquaral.com.br\/?page_id=35"},"modified":"2023-11-01T09:16:12","modified_gmt":"2023-11-01T12:16:12","slug":"calendario","status":"publish","type":"page","link":"https:\/\/vacinastaquaral.com.br\/index.php\/calendario\/","title":{"rendered":"Calend\u00e1rio"},"content":{"rendered":"\n<ul>\n<li><strong>Calend\u00e1rio de Vacinas<\/strong><\/li>\n<\/ul>\n\n\n\n<p><\/p>\n\n\n\n<p>A vacina\u00e7\u00e3o tem como objetivo estimular o sistema imunol\u00f3gico a produzir anticorpos para proteger o organismo, em caso de contato com algum agente infeccioso, por meio do pr\u00f3prio agente, ou parte dele, em sua forma inativada ou atenuada. Desta maneira, ela atua para prevenir o surgimento de doen\u00e7as causadas por v\u00edrus e bact\u00e9rias, sendo geralmente administrada por via injet\u00e1vel.<\/p>\n\n\n\n<p><strong>Veja abaixo os calend\u00e1rios de vacina\u00e7\u00e3o recomendados pela Sociedade Brasileira de Imuniza\u00e7\u00f5es (Sbim)<\/strong><\/p>\n\n\n\n<div class=\"wp-block-columns is-layout-flex wp-container-9 wp-block-columns-is-layout-flex\">\n<div class=\"wp-block-column is-layout-flow wp-block-column-is-layout-flow\" style=\"flex-basis:100%\">\n<div class=\"wp-block-group is-nowrap is-layout-flex wp-container-7 wp-block-group-is-layout-flex\">\n<div class=\"wp-block-columns is-layout-flex wp-container-6 wp-block-columns-is-layout-flex\">\n<div class=\"wp-block-column is-layout-flow wp-block-column-is-layout-flow\" style=\"flex-basis:100%\">\n<div class=\"wp-block-group is-vertical is-layout-flex wp-container-4 wp-block-group-is-layout-flex\">\n<div class=\"wp-block-columns is-not-stacked-on-mobile is-layout-flex wp-container-3 wp-block-columns-is-layout-flex\" style=\"border-style:none;border-width:0px;border-radius:0px;padding-top:var(--wp--preset--spacing--50);padding-right:var(--wp--preset--spacing--30);padding-bottom:var(--wp--preset--spacing--50);padding-left:var(--wp--preset--spacing--30)\">\n<div class=\"wp-block-column is-vertically-aligned-top is-layout-flow wp-block-column-is-layout-flow\" style=\"flex-basis:100%\">\n<div class=\"wp-block-buttons is-horizontal is-content-justification-space-between is-layout-flex wp-container-1 wp-block-buttons-is-layout-flex\">\n<div class=\"wp-block-button\"><a class=\"wp-block-button__link wp-element-button\" href=\"https:\/\/sbim.org.br\/images\/calendarios\/calend-sbim-prematuro.pdf\">PREMATUROS<\/a><\/div>\n\n\n\n<div class=\"wp-block-button\"><a class=\"wp-block-button__link wp-element-button\" href=\"https:\/\/sbim.org.br\/images\/calendarios\/calend-sbim-crianca.pdf\">CRIAN\u00c7AS<\/a><\/div>\n\n\n\n<div class=\"wp-block-button\"><a class=\"wp-block-button__link wp-element-button\" href=\"https:\/\/sbim.org.br\/images\/calendarios\/calend-sbim-adolescente.pdf\">ADOLESCENTES<\/a><\/div>\n\n\n\n<div class=\"wp-block-button\"><a class=\"wp-block-button__link wp-element-button\" href=\"https:\/\/sbim.org.br\/images\/calendarios\/calend-sbim-gestante.pdf\">GESTANTES<\/a><\/div>\n\n\n\n<div class=\"wp-block-button\"><a class=\"wp-block-button__link wp-element-button\" href=\"https:\/\/sbim.org.br\/images\/calendarios\/calend-sbim-adulto.pdf\">ADULTOS<\/a><\/div>\n\n\n\n<div class=\"wp-block-button\"><a class=\"wp-block-button__link wp-element-button\" href=\"https:\/\/sbim.org.br\/images\/calendarios\/calend-sbim-idoso.pdf\">IDOSOS<\/a><\/div>\n\n\n\n<div class=\"wp-block-button\"><a class=\"wp-block-button__link has-text-align-left wp-element-button\" href=\"https:\/\/sbim.org.br\/images\/calendarios\/calend-sbim-ocupacional.pdf\">OCUPACIONAL<\/a><\/div>\n<\/div>\n<\/div>\n<\/div>\n<\/div>\n<\/div>\n<\/div>\n<\/div>\n<\/div>\n<\/div>\n","protected":false},"excerpt":{"rendered":"<p>A vacina\u00e7\u00e3o tem como objetivo estimular o sistema imunol\u00f3gico a produzir anticorpos para proteger o organismo, em caso de contato com algum agente infeccioso, por meio do pr\u00f3prio agente, ou parte dele, em sua forma inativada ou atenuada. Desta maneira, ela atua para prevenir o surgimento de doen\u00e7as causadas por v\u00edrus e bact\u00e9rias, sendo geralmente [&hellip;]<\/p>\n","protected":false},"author":1,"featured_media":0,"parent":0,"menu_order":0,"comment_status":"closed","ping_status":"closed","template":"","meta":{"site-sidebar-layout":"default","site-content-layout":"","ast-site-content-layout":"default","site-content-style":"default","site-sidebar-style":"default","ast-global-header-display":"","ast-banner-title-visibility":"","ast-main-header-display":"","ast-hfb-above-header-display":"","ast-hfb-below-header-display":"","ast-hfb-mobile-header-display":"","site-post-title":"","ast-breadcrumbs-content":"","ast-featured-img":"","footer-sml-layout":"","theme-transparent-header-meta":"","adv-header-id-meta":"","stick-header-meta":"","header-above-stick-meta":"","header-main-stick-meta":"","header-below-stick-meta":"","astra-migrate-meta-layouts":"default","ast-page-background-enabled":"default","ast-page-background-meta":{"desktop":{"background-color":"var(--ast-global-color-4)","background-image":"","background-repeat":"repeat","background-position":"center center","background-size":"auto","background-attachment":"scroll","background-type":"","background-media":"","overlay-type":"","overlay-color":"","overlay-opacity":"","overlay-gradient":""},"tablet":{"background-color":"","background-image":"","background-repeat":"repeat","background-position":"center center","background-size":"auto","background-attachment":"scroll","background-type":"","background-media":"","overlay-type":"","overlay-color":"","overlay-opacity":"","overlay-gradient":""},"mobile":{"background-color":"","background-image":"","background-repeat":"repeat","background-position":"center center","background-size":"auto","background-attachment":"scroll","background-type":"","background-media":"","overlay-type":"","overlay-color":"","overlay-opacity":"","overlay-gradient":""}},"ast-content-background-meta":{"desktop":{"background-color":"var(--ast-global-color-5)","background-image":"","background-repeat":"repeat","background-position":"center center","background-size":"auto","background-attachment":"scroll","background-type":"","background-media":"","overlay-type":"","overlay-color":"","overlay-opacity":"","overlay-gradient":""},"tablet":{"background-color":"var(--ast-global-color-5)","background-image":"","background-repeat":"repeat","background-position":"center center","background-size":"auto","background-attachment":"scroll","background-type":"","background-media":"","overlay-type":"","overlay-color":"","overlay-opacity":"","overlay-gradient":""},"mobile":{"background-color":"var(--ast-global-color-5)","background-image":"","background-repeat":"repeat","background-position":"center center","background-size":"auto","background-attachment":"scroll","background-type":"","background-media":"","overlay-type":"","overlay-color":"","overlay-opacity":"","overlay-gradient":""}},"footnotes":""},"_links":{"self":[{"href":"https:\/\/vacinastaquaral.com.br\/index.php\/wp-json\/wp\/v2\/pages\/35"}],"collection":[{"href":"https:\/\/vacinastaquaral.com.br\/index.php\/wp-json\/wp\/v2\/pages"}],"about":[{"href":"https:\/\/vacinastaquaral.com.br\/index.php\/wp-json\/wp\/v2\/types\/page"}],"author":[{"embeddable":true,"href":"https:\/\/vacinastaquaral.com.br\/index.php\/wp-json\/wp\/v2\/users\/1"}],"replies":[{"embeddable":true,"href":"https:\/\/vacinastaquaral.com.br\/index.php\/wp-json\/wp\/v2\/comments?post=35"}],"version-history":[{"count":18,"href":"https:\/\/vacinastaquaral.com.br\/index.php\/wp-json\/wp\/v2\/pages\/35\/revisions"}],"predecessor-version":[{"id":261,"href":"https:\/\/vacinastaquaral.com.br\/index.php\/wp-json\/wp\/v2\/pages\/35\/revisions\/261"}],"wp:attachment":[{"href":"https:\/\/vacinastaquaral.com.br\/index.php\/wp-json\/wp\/v2\/media?parent=35"}],"curies":[{"name":"wp","href":"https:\/\/api.w.org\/{rel}","templated":true}]}}