{"id":132,"date":"2023-10-31T19:57:30","date_gmt":"2023-10-31T22:57:30","guid":{"rendered":"http:\/\/vacinastaquaral.com.br\/?page_id=132"},"modified":"2025-08-29T09:59:09","modified_gmt":"2025-08-29T12:59:09","slug":"vacinas","status":"publish","type":"page","link":"https:\/\/vacinastaquaral.com.br\/index.php\/vacinas\/","title":{"rendered":"Vacinas"},"content":{"rendered":"\n<div class=\"wp-block-cover alignfull is-light\"><span aria-hidden=\"true\" class=\"wp-block-cover__background has-background-dim\"><\/span><img decoding=\"async\" loading=\"lazy\" width=\"800\" height=\"500\" class=\"wp-block-cover__image-background wp-image-31\" alt=\"\" src=\"http:\/\/vacinastaquaral.com.br\/wp-content\/uploads\/2023\/10\/vacinaInjecao.jpg\" data-object-fit=\"cover\" srcset=\"https:\/\/vacinastaquaral.com.br\/wp-content\/uploads\/2023\/10\/vacinaInjecao.jpg 800w, https:\/\/vacinastaquaral.com.br\/wp-content\/uploads\/2023\/10\/vacinaInjecao-300x188.jpg 300w, https:\/\/vacinastaquaral.com.br\/wp-content\/uploads\/2023\/10\/vacinaInjecao-768x480.jpg 768w\" sizes=\"(max-width: 800px) 100vw, 800px\" \/><div class=\"wp-block-cover__inner-container is-layout-flow wp-block-cover-is-layout-flow\">\n<h5 class=\"wp-block-heading has-text-align-center\" style=\"font-size:28px\">Entre em contato para saber mais sobre vacinas . . .<\/h5>\n\n\n\n<p><\/p>\n<\/div><\/div>\n\n\n\n<p><\/p>\n\n\n\n<p>Vacina \u00e9 uma subst\u00e2ncia produzida com bact\u00e9rias ou v\u00edrus (ou partes deles) mortos ou enfraquecidos. Ao ser introduzida no corpo do ser humano, a vacina provoca uma rea\u00e7\u00e3o (imuniza\u00e7\u00e3o) do sistema imunol\u00f3gico, promovendo a produ\u00e7\u00e3o de anticorpos (leuc\u00f3citos) contra aquela subst\u00e2ncia. Desta forma, a vacina prepara o organismo para que, em caso de infec\u00e7\u00e3o por aquele agente patog\u00eanico, o sistema de defesa possa agir com for\u00e7a e rapidamente. Assim a doen\u00e7a n\u00e3o se desenvolve ou, em alguns casos, se desenvolve de forma branda.<\/p>\n\n\n\n<p>Segue abaixo rela\u00e7\u00e3o das principais vacinas encontradas na cl\u00ednica.<br><strong>Consulte a disponibilidade.<\/strong><\/p>\n\n\n\n<figure class=\"wp-block-table\"><table><tbody><tr><td>Vacina BCG<br>Vacina Dengue<br>Vacina Tr\u00edplice bacteriana acelular infantil (DTPa)<br>Vacina Tr\u00edplice bacteriana acelular + poliomielite (DTPa-VIP)<br>Vacina Pentavalente acelular (DTPa-VIP-Hib)<br>Vacina Hexavalente acelular (DTPa-VIP-Hib-HepB)<br>Vacina Febre Amarela<br>Vacina Febre Tif\u00f3ide<br>Vacina Influenza<br>Vacina Hepatite A<br>Vacina Hepatite B<br>Vacina Hepatite A + B<br>Vacina Herpes Z\u00f3ster<br>Vacina HPV Nonavalente<br>Vacina Meningoc\u00f3cica B<br>Vacina Meningoc\u00f3cica conjugada quadrivalente (ACWY)<br>Vacina Pneumoc\u00f3cica conjugada 15 valente<br>Vacina Pneumoc\u00f3cica conjugada 20 valente<br>Vacina Rotav\u00edrus pentavalente<br>Vacina Tr\u00edplice viral (sarampo, caxumba e rub\u00e9ola)<br>Vacina Tetraviral (sarampo, caxumba, rub\u00e9ola e varicela)<br>Vacina Varicela (catapora)<br>Vacina VSR (v\u00edrus sincicial respirat\u00f3rio \/ bronquiolite)<\/td><\/tr><\/tbody><\/table><\/figure>\n","protected":false},"excerpt":{"rendered":"<p>Vacina \u00e9 uma subst\u00e2ncia produzida com bact\u00e9rias ou v\u00edrus (ou partes deles) mortos ou enfraquecidos. Ao ser introduzida no corpo do ser humano, a vacina provoca uma rea\u00e7\u00e3o (imuniza\u00e7\u00e3o) do sistema imunol\u00f3gico, promovendo a produ\u00e7\u00e3o de anticorpos (leuc\u00f3citos) contra aquela subst\u00e2ncia. Desta forma, a vacina prepara o organismo para que, em caso de infec\u00e7\u00e3o por [&hellip;]<\/p>\n","protected":false},"author":1,"featured_media":0,"parent":0,"menu_order":0,"comment_status":"closed","ping_status":"closed","template":"","meta":{"site-sidebar-layout":"default","site-content-layout":"","ast-site-content-layout":"default","site-content-style":"default","site-sidebar-style":"default","ast-global-header-display":"","ast-banner-title-visibility":"","ast-main-header-display":"","ast-hfb-above-header-display":"","ast-hfb-below-header-display":"","ast-hfb-mobile-header-display":"","site-post-title":"","ast-breadcrumbs-content":"","ast-featured-img":"","footer-sml-layout":"","theme-transparent-header-meta":"","adv-header-id-meta":"","stick-header-meta":"","header-above-stick-meta":"","header-main-stick-meta":"","header-below-stick-meta":"","astra-migrate-meta-layouts":"default","ast-page-background-enabled":"default","ast-page-background-meta":{"desktop":{"background-color":"var(--ast-global-color-4)","background-image":"","background-repeat":"repeat","background-position":"center center","background-size":"auto","background-attachment":"scroll","background-type":"","background-media":"","overlay-type":"","overlay-color":"","overlay-opacity":"","overlay-gradient":""},"tablet":{"background-color":"","background-image":"","background-repeat":"repeat","background-position":"center center","background-size":"auto","background-attachment":"scroll","background-type":"","background-media":"","overlay-type":"","overlay-color":"","overlay-opacity":"","overlay-gradient":""},"mobile":{"background-color":"","background-image":"","background-repeat":"repeat","background-position":"center center","background-size":"auto","background-attachment":"scroll","background-type":"","background-media":"","overlay-type":"","overlay-color":"","overlay-opacity":"","overlay-gradient":""}},"ast-content-background-meta":{"desktop":{"background-color":"var(--ast-global-color-5)","background-image":"","background-repeat":"repeat","background-position":"center center","background-size":"auto","background-attachment":"scroll","background-type":"","background-media":"","overlay-type":"","overlay-color":"","overlay-opacity":"","overlay-gradient":""},"tablet":{"background-color":"var(--ast-global-color-5)","background-image":"","background-repeat":"repeat","background-position":"center center","background-size":"auto","background-attachment":"scroll","background-type":"","background-media":"","overlay-type":"","overlay-color":"","overlay-opacity":"","overlay-gradient":""},"mobile":{"background-color":"var(--ast-global-color-5)","background-image":"","background-repeat":"repeat","background-position":"center center","background-size":"auto","background-attachment":"scroll","background-type":"","background-media":"","overlay-type":"","overlay-color":"","overlay-opacity":"","overlay-gradient":""}},"footnotes":""},"_links":{"self":[{"href":"https:\/\/vacinastaquaral.com.br\/index.php\/wp-json\/wp\/v2\/pages\/132"}],"collection":[{"href":"https:\/\/vacinastaquaral.com.br\/index.php\/wp-json\/wp\/v2\/pages"}],"about":[{"href":"https:\/\/vacinastaquaral.com.br\/index.php\/wp-json\/wp\/v2\/types\/page"}],"author":[{"embeddable":true,"href":"https:\/\/vacinastaquaral.com.br\/index.php\/wp-json\/wp\/v2\/users\/1"}],"replies":[{"embeddable":true,"href":"https:\/\/vacinastaquaral.com.br\/index.php\/wp-json\/wp\/v2\/comments?post=132"}],"version-history":[{"count":10,"href":"https:\/\/vacinastaquaral.com.br\/index.php\/wp-json\/wp\/v2\/pages\/132\/revisions"}],"predecessor-version":[{"id":296,"href":"https:\/\/vacinastaquaral.com.br\/index.php\/wp-json\/wp\/v2\/pages\/132\/revisions\/296"}],"wp:attachment":[{"href":"https:\/\/vacinastaquaral.com.br\/index.php\/wp-json\/wp\/v2\/media?parent=132"}],"curies":[{"name":"wp","href":"https:\/\/api.w.org\/{rel}","templated":true}]}}